{"id":7,"date":"2016-05-22T17:10:59","date_gmt":"2016-05-22T15:10:59","guid":{"rendered":"http:\/\/www.elternverein-veltheim.ch\/wordpress\/?page_id=7"},"modified":"2022-08-31T10:30:14","modified_gmt":"2022-08-31T08:30:14","slug":"ueber-uns","status":"publish","type":"page","link":"https:\/\/testphp.elternverein-veltheim.ch\/?page_id=7","title":{"rendered":"\u00fcber uns"},"content":{"rendered":"<p>Der Elternverein Veltheim existiert schon seit 1994 und besteht aus einem Vorstand von 4 Personen und rund 170 Mitgliedern.<br \/>\n<br class=\"\u201cclear\u201c\" \/>Das Jahresangebot umfasst ein vielf\u00e4ltiges Programm f\u00fcr die Kinder und Familien im Quartier. So bieten wir j\u00e4hrlich in den Fr\u00fchlingsferien eine Indianerwoche im Wald oder alternierend eine Zirkuswoche an. In den Sommerferien findet gemeinsam mit dem Abenteuerspielplatz PLATZ auf dem Rosenberg ebenfalls eine Ferienwoche statt. Im Herbst organisieren wir ein Kindertheater sowie den dorfeigenen R\u00e4beliechtli Umzug. Und im Dezember kommt der Samichlaus ins G\u00fcetli und viele bunte Adventsfenster erhellen das Quartier.<br \/>\nDaneben organisieren wir u. A. Aufkl\u00e4rungsworkshops f\u00fcr Jugendliche (MFM) und betreiben einen Glac\u00e9stand an der Dorfet. Weitere Ideen sind immer in Planung.<\/p>\n<p><br class=\"\u201cclear\u201c\" \/>Es ist uns ein Anliegen, ein m\u00f6glichst buntes ansprechendes Angebot zu bieten. Nat\u00fcrlich sind wir offen f\u00fcr neue Ideen und Anregungen. <br class=\"\u201cclear\u201c\" \/>Der Vorstand des Elternvereins k\u00fcmmert sich um die Organisation der Veranstaltungen und um die Bekanntmachung. Die Mitgliedschaft in unserem Verein (der Jahresbetrag f\u00fcr eine Familien-Mitgliedschaft betr\u00e4gt CHF 25.&#8211;) hilft uns, unsere Anliegen zu verfolgen und Veranstaltungen zu organisieren. Ebenso wertvoll ist die punktuelle Unterst\u00fctzung bei Aktivit\u00e4ten oder die permanente Mitarbeit im Vorstand.<\/p>\n","protected":false},"excerpt":{"rendered":"<p>Der Elternverein Veltheim existiert schon seit 1994 und besteht aus einem Vorstand von 4 Personen und rund 170 Mitgliedern. Das Jahresangebot umfasst ein vielf\u00e4ltiges Programm f\u00fcr die Kinder und Familien im Quartier. So bieten wir j\u00e4hrlich in den Fr\u00fchlingsferien eine Indianerwoche im Wald oder alternierend eine Zirkuswoche an. In den Sommerferien findet gemeinsam mit dem [&hellip;]<\/p>\n","protected":false},"author":1,"featured_media":0,"parent":0,"menu_order":1,"comment_status":"closed","ping_status":"closed","template":"ueberuns.php","meta":{"footnotes":""},"class_list":["post-7","page","type-page","status-publish","hentry"],"_links":{"self":[{"href":"https:\/\/testphp.elternverein-veltheim.ch\/index.php?rest_route=\/wp\/v2\/pages\/7","targetHints":{"allow":["GET"]}}],"collection":[{"href":"https:\/\/testphp.elternverein-veltheim.ch\/index.php?rest_route=\/wp\/v2\/pages"}],"about":[{"href":"https:\/\/testphp.elternverein-veltheim.ch\/index.php?rest_route=\/wp\/v2\/types\/page"}],"author":[{"embeddable":true,"href":"https:\/\/testphp.elternverein-veltheim.ch\/index.php?rest_route=\/wp\/v2\/users\/1"}],"replies":[{"embeddable":true,"href":"https:\/\/testphp.elternverein-veltheim.ch\/index.php?rest_route=%2Fwp%2Fv2%2Fcomments&post=7"}],"version-history":[{"count":10,"href":"https:\/\/testphp.elternverein-veltheim.ch\/index.php?rest_route=\/wp\/v2\/pages\/7\/revisions"}],"predecessor-version":[{"id":1230,"href":"https:\/\/testphp.elternverein-veltheim.ch\/index.php?rest_route=\/wp\/v2\/pages\/7\/revisions\/1230"}],"wp:attachment":[{"href":"https:\/\/testphp.elternverein-veltheim.ch\/index.php?rest_route=%2Fwp%2Fv2%2Fmedia&parent=7"}],"curies":[{"name":"wp","href":"https:\/\/api.w.org\/{rel}","templated":true}]}}