{"id":48,"date":"2016-05-22T21:18:59","date_gmt":"2016-05-22T19:18:59","guid":{"rendered":"http:\/\/www.elternverein-veltheim.ch\/wordpress\/?page_id=48"},"modified":"2022-07-28T15:45:43","modified_gmt":"2022-07-28T13:45:43","slug":"vorstand","status":"publish","type":"page","link":"https:\/\/testphp.elternverein-veltheim.ch\/?page_id=48","title":{"rendered":"vorstand"},"content":{"rendered":"<div class=\"bild-vorstand\"><img decoding=\"async\" src=\"https:\/\/testphp.elternverein-veltheim.ch\/wp-content\/uploads\/Foto_Vorstand_2022.png\" alt=\"\" width=\"40%\"><p><\/p>\n<p style=\"font-size:12px; text-align:left; margin-left: auto; margin-right:auto; width: 40%; padding-top: 5px;\">v. li. n. re.: Tanja Kn\u00f6pfel (Events)  &#8211; Magda Hartmann (Web) &#8211; Sophie Schneebeli (Pr\u00e4sidentin) &#8211; Nina Burger (Kassierin)<\/p>\n<\/div>\n<p>Der Vorstand des Elternverein Veltheim besteht aus 4 Personen und k\u00fcmmert sich um die Organisation der Veranstaltungen und um die Bekanntmachungen.<br>Gerne stehen sie Ihnen f\u00fcr Fragen und Anregungen per Telefon oder Mail zur Verf\u00fcgung.<\/p>\n<div class=\" table-div\" =\"\"=\"\">\n<table class=\"table-vorstand\" cellspacing=\"0\" cellpadding=\"0\" border=\"0\">\n<tbody>\n<tr style=\"background-color: #f7a6b3;\" align=\"left\">\n<th style=\"padding-left: 5px;\" scope=\"col\">Ressort:<\/th>\n<th scope=\"col\">Name:<\/th>\n<th scope=\"col\">Adresse:<\/th>\n<th scope=\"col\">Telefon:<\/th>\n<th scope=\"col\">Email:<\/th>\n<\/tr>\n<tr style=\"border-bottom: 1px solid #ffffff;\">\n<td style=\"padding-left: 5px;\">Pr\u00e4sidentin<\/td>\n<td>Sophie Schneebeli<\/td>\n<td>Weinbergstrasse 14a<\/td>\n<td>052 224 70 06<\/td>\n<td>praesi<strong>[at]<\/strong>elternverein-veltheim.ch<\/td>\n<\/tr>\n<tr style=\"border-bottom: 1px solid #ffffff;\">\n<td style=\"padding-left: 5px;\">Finanzen<br>Mitglieder<\/td>\n<td>Nina Burger<\/td>\n<td>Hinterwiesliweg 8<\/td>\n<td>&nbsp;<\/td>\n<td>kasse<strong>[at]<\/strong>elternverein-veltheim.ch<\/td>\n<\/tr>\n<tr style=\"border-bottom: 1px solid #ffffff;\">\n<td style=\"padding-left: 5px;\">Anl\u00e4sse<\/td>\n<td>Tanja Kn\u00f6pfel<\/td>\n<td>Wartstrasse 25<\/td>\n<td>079 617 20 63<\/td>\n<td>anlass<strong>[at]<\/strong>elternverein-veltheim.ch<\/td>\n<\/tr>\n<tr style=\"border-bottom: 1px solid #ffffff;\">\n<td style=\"padding-left: 5px;\">Layout Anl\u00e4sse<\/td>\n<td>Magda Hartmann<\/td>\n<td>Weinbergstrasse 21<\/td>\n<td>076 245 68 80<\/td>\n<td>web<strong>[at]<\/strong>elternverein-veltheim.ch<\/td>\n<\/tr>\n<\/tbody>\n<\/table>\n<\/div>\n\n\n<p><\/p>\n","protected":false},"excerpt":{"rendered":"<p>v. li. n. re.: Tanja Kn\u00f6pfel (Events) &#8211; Magda Hartmann (Web) &#8211; Sophie Schneebeli (Pr\u00e4sidentin) &#8211; Nina Burger (Kassierin) Der Vorstand des Elternverein Veltheim besteht aus 4 Personen und k\u00fcmmert sich um die Organisation der Veranstaltungen und um die Bekanntmachungen.Gerne stehen sie Ihnen f\u00fcr Fragen und Anregungen per Telefon oder Mail zur Verf\u00fcgung. Ressort: Name: [&hellip;]<\/p>\n","protected":false},"author":1,"featured_media":0,"parent":7,"menu_order":1,"comment_status":"closed","ping_status":"closed","template":"vorstand.php","meta":{"footnotes":""},"class_list":["post-48","page","type-page","status-publish","hentry"],"_links":{"self":[{"href":"https:\/\/testphp.elternverein-veltheim.ch\/index.php?rest_route=\/wp\/v2\/pages\/48","targetHints":{"allow":["GET"]}}],"collection":[{"href":"https:\/\/testphp.elternverein-veltheim.ch\/index.php?rest_route=\/wp\/v2\/pages"}],"about":[{"href":"https:\/\/testphp.elternverein-veltheim.ch\/index.php?rest_route=\/wp\/v2\/types\/page"}],"author":[{"embeddable":true,"href":"https:\/\/testphp.elternverein-veltheim.ch\/index.php?rest_route=\/wp\/v2\/users\/1"}],"replies":[{"embeddable":true,"href":"https:\/\/testphp.elternverein-veltheim.ch\/index.php?rest_route=%2Fwp%2Fv2%2Fcomments&post=48"}],"version-history":[{"count":27,"href":"https:\/\/testphp.elternverein-veltheim.ch\/index.php?rest_route=\/wp\/v2\/pages\/48\/revisions"}],"predecessor-version":[{"id":1224,"href":"https:\/\/testphp.elternverein-veltheim.ch\/index.php?rest_route=\/wp\/v2\/pages\/48\/revisions\/1224"}],"up":[{"embeddable":true,"href":"https:\/\/testphp.elternverein-veltheim.ch\/index.php?rest_route=\/wp\/v2\/pages\/7"}],"wp:attachment":[{"href":"https:\/\/testphp.elternverein-veltheim.ch\/index.php?rest_route=%2Fwp%2Fv2%2Fmedia&parent=48"}],"curies":[{"name":"wp","href":"https:\/\/api.w.org\/{rel}","templated":true}]}}