{"id":28,"date":"2016-05-22T20:00:07","date_gmt":"2016-05-22T18:00:07","guid":{"rendered":"http:\/\/www.elternverein-veltheim.ch\/wordpress\/?page_id=28"},"modified":"2022-07-01T08:57:22","modified_gmt":"2022-07-01T06:57:22","slug":"aus-dem-quartier","status":"publish","type":"page","link":"https:\/\/testphp.elternverein-veltheim.ch\/?page_id=28","title":{"rendered":"aus dem quartier"},"content":{"rendered":"<div class=\"quartier\" style=\"margin-bottom: 10px;\">\n<div class=\"qutitel\">\n<h3><a href=\"https:\/\/platz-winti.ch\/clubdesk\/www\">www.platz-winti.ch<\/a><\/h3>\n<\/div>\n<div class=\"qucontent\">Der Abenteuerspielplatz im 2019 er\u00f6ffnet worden.<br \/>\nKommt vorbei. Wir haben viel PLATZ f\u00fcr Deine Ideen und Deinen Einsatz! Komm vorbei und gestalte den PLATZ mit!<\/div>\n<\/div>\n<div class=\"quartier\" style=\"margin-bottom: 10px;\">\n<div class=\"qutitel\">\n<h3><a href=\"https:\/\/spielgruppe-rosenberg.ch\/\">www.spielgruppe-rosenberg.ch<\/a><\/h3>\n<\/div>\n<div class=\"qucontent\">Im Zwerglihuus treffen sich Kinder zum freien Spielen, Werken, Experimentieren, Lachen, Streiten, Zusammensein und Geschichten h\u00f6ren.<br \/>\nIm Zwergliwald treffen sich Kinder mit 2 Leiterinnen um den Morgen bei jedem Wetter im Wald zu verbringen.<br \/>\nF\u00fcr Kinder ab 3 Jahren.<\/div>\n<\/div>\n<div class=\"quartier\" style=\"margin-bottom: 10px;\">\n<div class=\"qutitel\">\n<h3><a href=\"https:\/\/www.refkircheveltheim.ch\/angebote\/eltern_und_kinder\/\">www.refkircheveltheim.ch\/angebote\/eltern_und_kinder\/<\/a><\/h3>\n<\/div>\n<div class=\"qucontent\">Die Kirche bietet diverse Angebote bereits f\u00fcr die ganz Kleinen an. ( Chrabelgruppe, Fiire mit d\u00e4 Chline,&#8230;.)<br \/>\nGenaue Daten und Zeiten entnehmen sie direkt auf ihrer Homepage.<\/div>\n<\/div>\n<div class=\"quartier\" style=\"margin-bottom: 10px;\">\n<div class=\"qutitel\">\n<h3><a href=\"https:\/\/stadt.winterthur.ch\/bibliotheken-winterthur\/\">https:\/\/stadt.winterthur.ch\/bibliotheken-winterthur\/<\/a><\/h3>\n<\/div>\n<div class=\"qucontent\">Da finden sie viele interessante Angebote der Bibliothek.<br \/>\nDiese organisiert immer wieder Aktivit\u00e4ten f\u00fcr Gross und Klein.<\/div>\n<\/div>\n<div class=\"quartier\" style=\"margin-bottom: 10px;\">\n<div class=\"qutitel\">\n<h3><a href=\"https:\/\/schwimmbad-wolfensberg.ch\/\">www.schwimmbad-wolfensberg.ch<\/a><\/h3>\n<\/div>\n<div class=\"qucontent\">Durch die Badisaison f\u00fchrt auch ein attraktives Unterhaltungsprogramm.<br \/>\nNicht nur M\u00e4rlistunden und d\u00e4 schn\u00e4llscht Wolfifisch, auch das Vollmondschwimmen und die Wolfibar geh\u00f6ren zum Sommer in Veltheim.<\/div>\n<\/div>\n<div class=\"quartier\" style=\"margin-bottom: 10px;\">\n<div class=\"qutitel\">\n<h3><a href=\"https:\/\/tvveltheim.ch\/\">www.tvveltheim.ch<\/a><\/h3>\n<\/div>\n<div class=\"qucontent\">Vom Kinderturnen bis hin zur Aktivriege bietet der Turnverein f\u00fcr alle etwas an.<br \/>\nDie genauen Trainingszeiten entnehmen sie der Homepage.<\/div>\n<\/div>\n<div class=\"quartier\" style=\"margin-bottom: 10px;\">\n<div class=\"qutitel\">\n<h3><a href=\"http:\/\/unikum-aag.ch\/\">www.unikum-aag.ch<\/a><\/h3>\n<\/div>\n<div class=\"qucontent\">Im Unikum an der Feldstrasse findet man neuwertige Kinderkleider und Spielsachen.<\/div>\n<\/div>\n<div class=\"quartier\" style=\"margin-bottom: 10px;\">\n<div class=\"qutitel\">\n<h3><a href=\"https:\/\/stadt.winterthur.ch\/gemeinde\/verwaltung\/technische-betriebe\/stadtgruen-winterthur\/downloads\/lehrpfade\/naturlehrgarten-loorstrasse\/mach-mal-gruen.pdf\/@@download\/file\/mach%20mal%20gr%C3%BCn.pdf\">Mach mal gr\u00fcn<\/a><\/h3>\n<\/div>\n<div class=\"qucontent\">Familienerlebnisse im Naturlehrgarten der Stadt Winterthur.<\/div>\n<\/div>\n<div class=\"quartier\" style=\"margin-bottom: 10px;\">\n<div class=\"qutitel\">\n<h3><a href=\"http:\/\/www.verein-gruenwerk.ch\/\">www.verein-gruenwerk.ch<\/a><\/h3>\n<\/div>\n<div class=\"qucontent\">Hast du Lust auf eine abenteuerliche Woche im Winterthurer Wald? Mensch &amp; Natur.<\/div>\n<\/div>\n<div class=\"quartier\" style=\"margin-bottom: 10px;\">\n<div class=\"qutitel\">\n<h3><a href=\"https:\/\/nvwv.ch\/\">www.nvwv.ch<\/a><\/h3>\n<\/div>\n<div class=\"qucontent\">Der Natur- und Vogelschutzverein W\u00fclflingen und Veltheim engagiert sich f\u00fcr die Natur in der nahen Umgebung.<\/div>\n<\/div>\n<div class=\"quartier\" style=\"margin-bottom: 10px;\">\n<div class=\"qutitel\">\n<h3><a href=\"https:\/\/fkvv.ch\/\">www.fkvv.ch<\/a><\/h3>\n<\/div>\n<div class=\"qucontent\">Der Ferienkolonieverein Veltheim bezweckt in erster Linie, Sch\u00fclerinnen und Sch\u00fclern des Schulkreises Veltheim Erholungsaufenthalte zu erm\u00f6glichen.<br \/>\nDer Verein verwaltet das eigene Haus in S-chanf. Selbstverst\u00e4ndlich steht das Haus auch Familien und Erwachsenengruppen zur Verf\u00fcgung.<\/div>\n<\/div>\n","protected":false},"excerpt":{"rendered":"<p>www.platz-winti.ch Der Abenteuerspielplatz im 2019 er\u00f6ffnet worden. Kommt vorbei. Wir haben viel PLATZ f\u00fcr Deine Ideen und Deinen Einsatz! Komm vorbei und gestalte den PLATZ mit! www.spielgruppe-rosenberg.ch Im Zwerglihuus treffen sich Kinder zum freien Spielen, Werken, Experimentieren, Lachen, Streiten, Zusammensein und Geschichten h\u00f6ren. Im Zwergliwald treffen sich Kinder mit 2 Leiterinnen um den Morgen bei [&hellip;]<\/p>\n","protected":false},"author":1,"featured_media":0,"parent":0,"menu_order":4,"comment_status":"closed","ping_status":"closed","template":"quartier.php","meta":{"footnotes":""},"class_list":["post-28","page","type-page","status-publish","hentry"],"_links":{"self":[{"href":"https:\/\/testphp.elternverein-veltheim.ch\/index.php?rest_route=\/wp\/v2\/pages\/28","targetHints":{"allow":["GET"]}}],"collection":[{"href":"https:\/\/testphp.elternverein-veltheim.ch\/index.php?rest_route=\/wp\/v2\/pages"}],"about":[{"href":"https:\/\/testphp.elternverein-veltheim.ch\/index.php?rest_route=\/wp\/v2\/types\/page"}],"author":[{"embeddable":true,"href":"https:\/\/testphp.elternverein-veltheim.ch\/index.php?rest_route=\/wp\/v2\/users\/1"}],"replies":[{"embeddable":true,"href":"https:\/\/testphp.elternverein-veltheim.ch\/index.php?rest_route=%2Fwp%2Fv2%2Fcomments&post=28"}],"version-history":[{"count":44,"href":"https:\/\/testphp.elternverein-veltheim.ch\/index.php?rest_route=\/wp\/v2\/pages\/28\/revisions"}],"predecessor-version":[{"id":1214,"href":"https:\/\/testphp.elternverein-veltheim.ch\/index.php?rest_route=\/wp\/v2\/pages\/28\/revisions\/1214"}],"wp:attachment":[{"href":"https:\/\/testphp.elternverein-veltheim.ch\/index.php?rest_route=%2Fwp%2Fv2%2Fmedia&parent=28"}],"curies":[{"name":"wp","href":"https:\/\/api.w.org\/{rel}","templated":true}]}}