{"id":24,"date":"2016-05-22T19:58:28","date_gmt":"2016-05-22T17:58:28","guid":{"rendered":"http:\/\/www.elternverein-veltheim.ch\/wordpress\/?page_id=24"},"modified":"2022-08-31T10:32:46","modified_gmt":"2022-08-31T08:32:46","slug":"angebot","status":"publish","type":"page","link":"https:\/\/testphp.elternverein-veltheim.ch\/?page_id=24","title":{"rendered":"angebot"},"content":{"rendered":"<div class=\"angebot-chrabbel\">\n<div class=\"angebot-chrabbel-text\">\n<h3>Chrabbelgruppe<\/h3>\n<p>Chrabeltreff f\u00fcr M\u00fctter, V\u00e4ter, Grosseltern etc. mit Babys oder Kleinkindern im Alter von 0-4 Jahren.<br \/>\nWir treffen uns jeden Montagmorgen (ausser Schulferien und Feiertage) von 9.15-11.00 Uhr zum spielen, austauschen, kennenlernen, singen, kaffeetrinken&#8230;<br \/>\nDer Chrabeltreff ist gratis und es ist keine Anmeldung erforderlich. Ein regelm\u00e4ssiger Besuch ist kein Muss, es darf nach Lust und Laune spontan daran teilgenommen werden. Wir freuen uns immer wieder neue Gesichter in unserer Runde begr\u00fcssen zu d\u00fcrfen!<br \/>\nOrt: Schaffhauserstrasse 133a (Eingang Schachenweg)<br \/>\nKontakt: Chantal Laich, 052 202 66 22<\/p>\n<\/div>\n<\/div>\n<div style=\"clear: both;\"><\/div>\n<div class=\"angebot-spielhaus\">\n<h3>Gartenspielhaus<\/h3>\n<p>Haus kann f\u00fcr private Anl\u00e4sse (Geburtstage, Taufen, kleine Anl\u00e4sse) gemietet werden.<br \/>\nca. 25 Personen, CHF 50.00 pro Tag (8-22 Uhr), Reservationen bei Peter Leuch, peter[at]gipet.ch<br \/>\nInfos und Fotos auf dem <a href=\"http:\/\/www.schwimmbad-wolfensberg.ch\/gartenspielhaus.html\">Link<\/a> zum Schwimmbad Wolfensberg.<\/p>\n<\/div>\n<div style=\"clear: both;\"><\/div>\n","protected":false},"excerpt":{"rendered":"<p>Chrabbelgruppe Chrabeltreff f\u00fcr M\u00fctter, V\u00e4ter, Grosseltern etc. mit Babys oder Kleinkindern im Alter von 0-4 Jahren. Wir treffen uns jeden Montagmorgen (ausser Schulferien und Feiertage) von 9.15-11.00 Uhr zum spielen, austauschen, kennenlernen, singen, kaffeetrinken&#8230; Der Chrabeltreff ist gratis und es ist keine Anmeldung erforderlich. Ein regelm\u00e4ssiger Besuch ist kein Muss, es darf nach Lust und [&hellip;]<\/p>\n","protected":false},"author":1,"featured_media":0,"parent":0,"menu_order":2,"comment_status":"closed","ping_status":"closed","template":"angebot.php","meta":{"footnotes":""},"class_list":["post-24","page","type-page","status-publish","hentry"],"_links":{"self":[{"href":"https:\/\/testphp.elternverein-veltheim.ch\/index.php?rest_route=\/wp\/v2\/pages\/24","targetHints":{"allow":["GET"]}}],"collection":[{"href":"https:\/\/testphp.elternverein-veltheim.ch\/index.php?rest_route=\/wp\/v2\/pages"}],"about":[{"href":"https:\/\/testphp.elternverein-veltheim.ch\/index.php?rest_route=\/wp\/v2\/types\/page"}],"author":[{"embeddable":true,"href":"https:\/\/testphp.elternverein-veltheim.ch\/index.php?rest_route=\/wp\/v2\/users\/1"}],"replies":[{"embeddable":true,"href":"https:\/\/testphp.elternverein-veltheim.ch\/index.php?rest_route=%2Fwp%2Fv2%2Fcomments&post=24"}],"version-history":[{"count":49,"href":"https:\/\/testphp.elternverein-veltheim.ch\/index.php?rest_route=\/wp\/v2\/pages\/24\/revisions"}],"predecessor-version":[{"id":1232,"href":"https:\/\/testphp.elternverein-veltheim.ch\/index.php?rest_route=\/wp\/v2\/pages\/24\/revisions\/1232"}],"wp:attachment":[{"href":"https:\/\/testphp.elternverein-veltheim.ch\/index.php?rest_route=%2Fwp%2Fv2%2Fmedia&parent=24"}],"curies":[{"name":"wp","href":"https:\/\/api.w.org\/{rel}","templated":true}]}}