{"id":137,"date":"2016-05-23T09:52:19","date_gmt":"2016-05-23T07:52:19","guid":{"rendered":"http:\/\/www.elternverein-veltheim.ch\/wordpress\/?page_id=137"},"modified":"2021-05-26T14:42:03","modified_gmt":"2021-05-26T12:42:03","slug":"newsletter-abmelden","status":"publish","type":"page","link":"https:\/\/testphp.elternverein-veltheim.ch\/?page_id=137","title":{"rendered":"newsletter abmelden"},"content":{"rendered":"<h3>Abmeldung vom Newsletter.<\/h3>\n<p><br class=\"\u201cclear\u201c\"><\/p>\n<p>Wir bedauern es sehr, dass Sie sich vom Newsletter des Elternverein Veltheim abmelden m\u00f6chten.<\/p>\n<p>Tragen Sie dazu einfach Ihre E-Mail-Adresse in das unten stehende Feld ein und klicken Sie auf senden.<br \/>\nWenn Sie es sich anders \u00fcberlegen sollten: Sie k\u00f6nnen sich nat\u00fcrlich jederzeit wieder f\u00fcr den Newsletter anmelden.<\/p>\n<p><br class=\"\u201cclear\u201c\"><br \/>\n<span>*-Felder bitte ausf\u00fcllen<\/span><\/p>\n","protected":false},"excerpt":{"rendered":"<p>Abmeldung vom Newsletter. Wir bedauern es sehr, dass Sie sich vom Newsletter des Elternverein Veltheim abmelden m\u00f6chten. Tragen Sie dazu einfach Ihre E-Mail-Adresse in das unten stehende Feld ein und klicken Sie auf senden. Wenn Sie es sich anders \u00fcberlegen sollten: Sie k\u00f6nnen sich nat\u00fcrlich jederzeit wieder f\u00fcr den Newsletter anmelden. *-Felder bitte ausf\u00fcllen<\/p>\n","protected":false},"author":1,"featured_media":0,"parent":7,"menu_order":5,"comment_status":"closed","ping_status":"closed","template":"newsletter-abmelden.php","meta":{"footnotes":""},"class_list":["post-137","page","type-page","status-publish","hentry"],"_links":{"self":[{"href":"https:\/\/testphp.elternverein-veltheim.ch\/index.php?rest_route=\/wp\/v2\/pages\/137","targetHints":{"allow":["GET"]}}],"collection":[{"href":"https:\/\/testphp.elternverein-veltheim.ch\/index.php?rest_route=\/wp\/v2\/pages"}],"about":[{"href":"https:\/\/testphp.elternverein-veltheim.ch\/index.php?rest_route=\/wp\/v2\/types\/page"}],"author":[{"embeddable":true,"href":"https:\/\/testphp.elternverein-veltheim.ch\/index.php?rest_route=\/wp\/v2\/users\/1"}],"replies":[{"embeddable":true,"href":"https:\/\/testphp.elternverein-veltheim.ch\/index.php?rest_route=%2Fwp%2Fv2%2Fcomments&post=137"}],"version-history":[{"count":6,"href":"https:\/\/testphp.elternverein-veltheim.ch\/index.php?rest_route=\/wp\/v2\/pages\/137\/revisions"}],"predecessor-version":[{"id":1164,"href":"https:\/\/testphp.elternverein-veltheim.ch\/index.php?rest_route=\/wp\/v2\/pages\/137\/revisions\/1164"}],"up":[{"embeddable":true,"href":"https:\/\/testphp.elternverein-veltheim.ch\/index.php?rest_route=\/wp\/v2\/pages\/7"}],"wp:attachment":[{"href":"https:\/\/testphp.elternverein-veltheim.ch\/index.php?rest_route=%2Fwp%2Fv2%2Fmedia&parent=137"}],"curies":[{"name":"wp","href":"https:\/\/api.w.org\/{rel}","templated":true}]}}